{"id":16164,"date":"2024-08-26T02:00:11","date_gmt":"2024-08-26T02:00:11","guid":{"rendered":"https:\/\/unusualvoyages.com\/viagens\/"},"modified":"2026-01-14T12:57:17","modified_gmt":"2026-01-14T12:57:17","slug":"viagens","status":"publish","type":"page","link":"https:\/\/unusualvoyages.com\/pt\/viagens\/","title":{"rendered":"Viagens"},"content":{"rendered":"\t\t<div data-elementor-type=\"wp-page\" data-elementor-id=\"16164\" class=\"elementor elementor-16164 elementor-13932\" data-elementor-post-type=\"page\">\n\t\t\t\t<div class=\"elementor-element elementor-element-5bcbb357 e-flex e-con-boxed e-con e-parent\" data-id=\"5bcbb357\" data-element_type=\"container\" data-e-type=\"container\" data-settings=\"{&quot;background_background&quot;:&quot;classic&quot;,&quot;grandtour_ext_is_background_parallax&quot;:&quot;true&quot;,&quot;grandtour_ext_is_background_backdrop&quot;:&quot;true&quot;,&quot;grandtour_ext_is_background_parallax_speed&quot;:{&quot;unit&quot;:&quot;px&quot;,&quot;size&quot;:0.8,&quot;sizes&quot;:[]},&quot;grandtour_ext_is_background_backdrop_blur&quot;:{&quot;unit&quot;:&quot;px&quot;,&quot;size&quot;:12,&quot;sizes&quot;:[]},&quot;grandtour_ext_is_background_on_scroll&quot;:&quot;false&quot;,&quot;grandtour_ext_link_sidemenu&quot;:&quot;false&quot;,&quot;grandtour_ext_link_fullmenu&quot;:&quot;false&quot;,&quot;grandtour_ext_link_closed_fullmenu&quot;:&quot;false&quot;,&quot;grandtour_ext_is_sticky&quot;:&quot;false&quot;,&quot;grandtour_ext_is_scrollme&quot;:&quot;false&quot;,&quot;grandtour_ext_is_smoove&quot;:&quot;false&quot;,&quot;grandtour_ext_is_parallax_mouse&quot;:&quot;false&quot;,&quot;grandtour_ext_is_infinite&quot;:&quot;false&quot;,&quot;grandtour_ext_is_fadeout_animation&quot;:&quot;false&quot;,&quot;grandtour_ext_mobile_static&quot;:&quot;false&quot;}\">\n\t\t\t\t\t<div class=\"e-con-inner\">\n\t\t\t\t<div class=\"elementor-element elementor-element-2690520b elementor-widget__width-initial elementor-widget elementor-widget-heading\" data-id=\"2690520b\" data-element_type=\"widget\" data-e-type=\"widget\" data-settings=\"{&quot;grandtour_ext_is_smoove&quot;:&quot;true&quot;,&quot;grandtour_ext_smoove_duration&quot;:800,&quot;grandtour_ext_smoove_scalex&quot;:{&quot;unit&quot;:&quot;px&quot;,&quot;size&quot;:1.2,&quot;sizes&quot;:[]},&quot;grandtour_ext_smoove_scaley&quot;:{&quot;unit&quot;:&quot;px&quot;,&quot;size&quot;:1.2,&quot;sizes&quot;:[]},&quot;grandtour_ext_link_sidemenu&quot;:&quot;false&quot;,&quot;grandtour_ext_link_fullmenu&quot;:&quot;false&quot;,&quot;grandtour_ext_link_closed_fullmenu&quot;:&quot;false&quot;,&quot;grandtour_ext_is_sticky&quot;:&quot;false&quot;,&quot;grandtour_ext_is_scrollme&quot;:&quot;false&quot;,&quot;grandtour_ext_smoove_disable&quot;:1,&quot;grandtour_ext_smoove_rotatex&quot;:{&quot;unit&quot;:&quot;px&quot;,&quot;size&quot;:0,&quot;sizes&quot;:[]},&quot;grandtour_ext_smoove_rotatey&quot;:{&quot;unit&quot;:&quot;px&quot;,&quot;size&quot;:0,&quot;sizes&quot;:[]},&quot;grandtour_ext_smoove_rotatez&quot;:{&quot;unit&quot;:&quot;px&quot;,&quot;size&quot;:0,&quot;sizes&quot;:[]},&quot;grandtour_ext_smoove_translatex&quot;:{&quot;unit&quot;:&quot;px&quot;,&quot;size&quot;:0,&quot;sizes&quot;:[]},&quot;grandtour_ext_smoove_translatey&quot;:{&quot;unit&quot;:&quot;px&quot;,&quot;size&quot;:0,&quot;sizes&quot;:[]},&quot;grandtour_ext_smoove_translatez&quot;:{&quot;unit&quot;:&quot;px&quot;,&quot;size&quot;:0,&quot;sizes&quot;:[]},&quot;grandtour_ext_smoove_skewx&quot;:{&quot;unit&quot;:&quot;px&quot;,&quot;size&quot;:0,&quot;sizes&quot;:[]},&quot;grandtour_ext_smoove_skewy&quot;:{&quot;unit&quot;:&quot;px&quot;,&quot;size&quot;:0,&quot;sizes&quot;:[]},&quot;grandtour_ext_smoove_transform_originx&quot;:{&quot;unit&quot;:&quot;px&quot;,&quot;size&quot;:50,&quot;sizes&quot;:[]},&quot;grandtour_ext_smoove_transform_originy&quot;:{&quot;unit&quot;:&quot;px&quot;,&quot;size&quot;:50,&quot;sizes&quot;:[]},&quot;grandtour_ext_smoove_perspective&quot;:{&quot;unit&quot;:&quot;px&quot;,&quot;size&quot;:1000,&quot;sizes&quot;:[]},&quot;grandtour_ext_is_parallax_mouse&quot;:&quot;false&quot;,&quot;grandtour_ext_is_infinite&quot;:&quot;false&quot;,&quot;grandtour_ext_is_fadeout_animation&quot;:&quot;false&quot;,&quot;grandtour_ext_mobile_static&quot;:&quot;false&quot;}\" data-widget_type=\"heading.default\">\n\t\t\t\t\t<h1 class=\"elementor-heading-title elementor-size-default\">VIAGENS<\/h1>\t\t\t\t<\/div>\n\t\t\t\t<div class=\"elementor-element elementor-element-4722204b elementor-absolute elementor-icon-list--layout-traditional elementor-list-item-link-full_width elementor-widget elementor-widget-icon-list\" data-id=\"4722204b\" data-element_type=\"widget\" data-e-type=\"widget\" data-settings=\"{&quot;_position&quot;:&quot;absolute&quot;,&quot;grandtour_ext_link_sidemenu&quot;:&quot;false&quot;,&quot;grandtour_ext_link_fullmenu&quot;:&quot;false&quot;,&quot;grandtour_ext_link_closed_fullmenu&quot;:&quot;false&quot;,&quot;grandtour_ext_is_sticky&quot;:&quot;false&quot;,&quot;grandtour_ext_is_scrollme&quot;:&quot;false&quot;,&quot;grandtour_ext_is_smoove&quot;:&quot;false&quot;,&quot;grandtour_ext_is_parallax_mouse&quot;:&quot;false&quot;,&quot;grandtour_ext_is_infinite&quot;:&quot;false&quot;,&quot;grandtour_ext_is_fadeout_animation&quot;:&quot;false&quot;,&quot;grandtour_ext_mobile_static&quot;:&quot;false&quot;}\" data-widget_type=\"icon-list.default\">\n\t\t\t\t\t\t\t<ul class=\"elementor-icon-list-items\">\n\t\t\t\t\t\t\t<li class=\"elementor-icon-list-item\">\n\t\t\t\t\t\t\t\t\t\t\t<span class=\"elementor-icon-list-icon\">\n\t\t\t\t\t\t\t<svg aria-hidden=\"true\" class=\"e-font-icon-svg e-fas-map-pin\" viewBox=\"0 0 288 512\" xmlns=\"http:\/\/www.w3.org\/2000\/svg\"><path d=\"M112 316.94v156.69l22.02 33.02c4.75 7.12 15.22 7.12 19.97 0L176 473.63V316.94c-10.39 1.92-21.06 3.06-32 3.06s-21.61-1.14-32-3.06zM144 0C64.47 0 0 64.47 0 144s64.47 144 144 144 144-64.47 144-144S223.53 0 144 0zm0 76c-37.5 0-68 30.5-68 68 0 6.62-5.38 12-12 12s-12-5.38-12-12c0-50.73 41.28-92 92-92 6.62 0 12 5.38 12 12s-5.38 12-12 12z\"><\/path><\/svg>\t\t\t\t\t\t<\/span>\n\t\t\t\t\t\t\t\t\t\t<span class=\"elementor-icon-list-text\">Sistema de Cavernas Tu Lan, Vietname<\/span>\n\t\t\t\t\t\t\t\t\t<\/li>\n\t\t\t\t\t\t<\/ul>\n\t\t\t\t\t\t<\/div>\n\t\t\t\t\t<\/div>\n\t\t\t\t<\/div>\n\t\t<div class=\"elementor-element elementor-element-5e139d6 e-con-full e-flex e-con e-parent\" data-id=\"5e139d6\" data-element_type=\"container\" data-e-type=\"container\" data-settings=\"{&quot;grandtour_ext_is_background_parallax&quot;:&quot;false&quot;,&quot;grandtour_ext_is_background_backdrop&quot;:&quot;false&quot;,&quot;grandtour_ext_is_background_on_scroll&quot;:&quot;false&quot;,&quot;grandtour_ext_link_sidemenu&quot;:&quot;false&quot;,&quot;grandtour_ext_link_fullmenu&quot;:&quot;false&quot;,&quot;grandtour_ext_link_closed_fullmenu&quot;:&quot;false&quot;,&quot;grandtour_ext_is_sticky&quot;:&quot;false&quot;,&quot;grandtour_ext_is_scrollme&quot;:&quot;false&quot;,&quot;grandtour_ext_is_smoove&quot;:&quot;false&quot;,&quot;grandtour_ext_is_parallax_mouse&quot;:&quot;false&quot;,&quot;grandtour_ext_is_infinite&quot;:&quot;false&quot;,&quot;grandtour_ext_is_fadeout_animation&quot;:&quot;false&quot;,&quot;grandtour_ext_mobile_static&quot;:&quot;false&quot;}\">\n\t\t\t\t<div class=\"elementor-element elementor-element-53935a1 elementor-widget__width-inherit elementor-widget elementor-widget-grandtour-classic-tour-search\" data-id=\"53935a1\" data-element_type=\"widget\" data-e-type=\"widget\" data-settings=\"{&quot;grandtour_ext_link_sidemenu&quot;:&quot;false&quot;,&quot;grandtour_ext_link_fullmenu&quot;:&quot;false&quot;,&quot;grandtour_ext_link_closed_fullmenu&quot;:&quot;false&quot;,&quot;grandtour_ext_is_sticky&quot;:&quot;false&quot;,&quot;grandtour_ext_is_scrollme&quot;:&quot;false&quot;,&quot;grandtour_ext_is_smoove&quot;:&quot;false&quot;,&quot;grandtour_ext_is_parallax_mouse&quot;:&quot;false&quot;,&quot;grandtour_ext_is_infinite&quot;:&quot;false&quot;,&quot;grandtour_ext_is_fadeout_animation&quot;:&quot;false&quot;,&quot;grandtour_ext_mobile_static&quot;:&quot;false&quot;}\" data-widget_type=\"grandtour-classic-tour-search.default\">\n\t\t\t\t<div class=\"elementor-widget-container\">\n\t\t\t\t\t<div class=\"classic-tour-search-wrapper\" data-widget-id=\"53935a1\">\n<div  class=\"one withsmallpadding ppb_tour_search\"><div class=\"standard_wrapper\"><div class=\"page_content_wrapper\"><div class=\"inner\"><form id=\"tour_search_form\" class=\"tour_search_form\" method=\"get\" action=\"https:\/\/unusualvoyages.com\/tour-search-2\/\"><div class=\"tour_search_wrapper\">\n    \t<div class=\"one_fourth themeborder\">\n    \t\t<input id=\"keyword\" name=\"keyword\" type=\"text\" autocomplete=\"off\" placeholder=\"Destinos, cidades\"\/>\n    \t\t<span class=\"ti-search\"><\/span>\n    \t\t<div id=\"autocomplete\" class=\"autocomplete\" data-mousedown=\"false\"><\/div>\n    \t<\/div><div class=\"one_fourth themeborder\"><select id=\"month\" name=\"month\">\n\t    \t\t<option value=\"\">Qualquer m\u00eas<\/option><option value=\"january\">janeiro<\/option><option value=\"february\">fevereiro<\/option><option value=\"march\">mar\u00e7o<\/option><option value=\"april\">abril<\/option><option value=\"may\">Maio<\/option><option value=\"june\">junho<\/option><option value=\"july\">julho<\/option><option value=\"august\">agosto<\/option><option value=\"september\">setembro<\/option><option value=\"october\">outubro<\/option><option value=\"november\">novembro<\/option><option value=\"december\">dezembro<\/option><\/select>\n    \t\t<span class=\"ti-calendar\"><\/span>\n    \t<\/div>\n    \t<div class=\"one_fourth themeborder\"><select id=\"sort_by\" name=\"sort_by\"><option value=\"date\">Ordenar por Data<\/option><option value=\"price_low\">Pre\u00e7o mais baixo ao mais alto<\/option><option value=\"price_high\">Pre\u00e7o mais alto ao mais baixo<\/option><option value=\"name\">Ordenar por nome<\/option><option value=\"popular\">Ordenar por popularidade<\/option><option value=\"review\">Ordenar por Pontua\u00e7\u00e3o da Avalia\u00e7\u00e3o<\/option><\/select>\n    \t\t<span class=\"ti-exchange-vertical\"><\/span>\n    \t<\/div>\n    \t<div class=\"one_fourth last themeborder\">\n    \t\t<input id=\"tour_search_btn\" type=\"submit\" class=\"button\" value=\"Pesquisa\"\/>\n    \t<\/div><br class=\"clear\"\/><div class=\"tour_advance_search_wrapper\">\n\t    <div class=\"one_fourth themeborder\"><select id=\"tourcat\" name=\"tourcat\">\n\t\t    \t\t<option value=\"\">Todas as categorias<\/option><option value=\"africa\">africa<\/option><option value=\"america-do-sul\">america do sul<\/option><option value=\"david\">david<\/option><option value=\"europa\">europa<\/option><option value=\"asia\">asia<\/option><option value=\"tania\">tania<\/option><option value=\"joaquin\">joaquin<\/option><option value=\"varios-paises\">v\u00e1rios pa\u00edses<\/option><\/select>\n\t    \t\t<span class=\"ti-angle-down\"><\/span>\n\t    \t<\/div><div class=\"one_fourth themeborder\"><select id=\"destination_id\" name=\"destination_id\">\n\t\t    \t\t<option value=\"\">Qualquer Destino<\/option><option value=\"18741\">Arm\u00e9nia<\/option><option value=\"18739\">Azerbaij\u00e3o<\/option><option value=\"20010\">Bol\u00edvia<\/option><option value=\"20012\">Chile<\/option><option value=\"18745\">China<\/option><option value=\"18718\">Egipto<\/option><option value=\"18708\">Ge\u00f3rgia<\/option><option value=\"18698\">Marrocos<\/option><option value=\"18743\">Mong\u00f3lia<\/option><option value=\"20008\">Peru<\/option><\/select>\n\t    \t\t<span class=\"ti-angle-down\"><\/span>\n\t    \t<\/div><div class=\"one_fourth themeborder\">\n\t    \t\t<input id=\"budget\" name=\"budget\" type=\"text\" placeholder=\"Or\u00e7amento m\u00e1ximo ex: 500\"\/>\n\t    \t\t<span>\u20ac<\/span>\n\t    \t<\/div><\/div><\/div><div class=\"tour_advance_search_wrapper_link\"><a id=\"tour_advance_search_toggle\" href=\"javascript:;\" class=\"theme_link_color\"><span class=\"icon ti-angle-down\"><\/span>Pesquisa avan\u00e7ada<\/a><\/div>\n    <\/div>\n<\/form><\/div><\/div><\/div><\/div>\n<br class=\"clear\"\/>\t\t\t\t<\/div>\n\t\t\t\t<\/div>\n\t\t\t\t<\/div>\n\t\t<div class=\"elementor-element elementor-element-31457dc e-flex e-con-boxed e-con e-parent\" data-id=\"31457dc\" data-element_type=\"container\" data-e-type=\"container\" data-settings=\"{&quot;grandtour_ext_is_background_parallax&quot;:&quot;false&quot;,&quot;grandtour_ext_is_background_backdrop&quot;:&quot;false&quot;,&quot;grandtour_ext_is_background_on_scroll&quot;:&quot;false&quot;,&quot;grandtour_ext_link_sidemenu&quot;:&quot;false&quot;,&quot;grandtour_ext_link_fullmenu&quot;:&quot;false&quot;,&quot;grandtour_ext_link_closed_fullmenu&quot;:&quot;false&quot;,&quot;grandtour_ext_is_sticky&quot;:&quot;false&quot;,&quot;grandtour_ext_is_scrollme&quot;:&quot;false&quot;,&quot;grandtour_ext_is_smoove&quot;:&quot;false&quot;,&quot;grandtour_ext_is_parallax_mouse&quot;:&quot;false&quot;,&quot;grandtour_ext_is_infinite&quot;:&quot;false&quot;,&quot;grandtour_ext_is_fadeout_animation&quot;:&quot;false&quot;,&quot;grandtour_ext_mobile_static&quot;:&quot;false&quot;}\">\n\t\t\t\t\t<div class=\"e-con-inner\">\n\t\t\t\t<div class=\"elementor-element elementor-element-bcabfff elementor-widget elementor-widget-grandtour-classic-tour\" data-id=\"bcabfff\" data-element_type=\"widget\" data-e-type=\"widget\" data-settings=\"{&quot;grandtour_ext_link_sidemenu&quot;:&quot;false&quot;,&quot;grandtour_ext_link_fullmenu&quot;:&quot;false&quot;,&quot;grandtour_ext_link_closed_fullmenu&quot;:&quot;false&quot;,&quot;grandtour_ext_is_sticky&quot;:&quot;false&quot;,&quot;grandtour_ext_is_scrollme&quot;:&quot;false&quot;,&quot;grandtour_ext_is_smoove&quot;:&quot;false&quot;,&quot;grandtour_ext_is_parallax_mouse&quot;:&quot;false&quot;,&quot;grandtour_ext_is_infinite&quot;:&quot;false&quot;,&quot;grandtour_ext_is_fadeout_animation&quot;:&quot;false&quot;,&quot;grandtour_ext_mobile_static&quot;:&quot;false&quot;}\" data-widget_type=\"grandtour-classic-tour.default\">\n\t\t\t\t<div class=\"elementor-widget-container\">\n\t\t\t\t\t<div class=\"classic-tour-wrapper\">\n<div  class=\"ppb_tour_classic one nopadding \" ><div class=\"page_content_wrapper page_main_content sidebar_content full_width fixed_column\"><div class=\"standard_wrapper\"><div id=\"1776992790163040784\" class=\"portfolio_filter_wrapper gallery classic three_cols\" data-columns=\"3\"><div class=\"element grid classic3_cols animated1\"><div class=\"one_third gallery3 classic static filterable portfolio_type themeborder\"><a class=\"tour_image\" href=\"https:\/\/unusualvoyages.com\/pt\/viagem\/turquemenistao-05-2026\/\">\n\t\t\t\t\t<img decoding=\"async\" src=\"https:\/\/unusualvoyages.com\/wp-content\/uploads\/2025\/11\/David_TurkKazakh_Landscape_39-700x466.jpeg\" alt=\"Expedi\u00e7\u00e3o ao Turquemenist\u00e3o e Mangystau\" \/><div class=\"tour_label\">Confirmada<\/div><div class=\"tour_price \">2.695\u20ac<\/div><\/a><div class=\"portfolio_info_wrapper\">\n        \t\t    <a class=\"tour_link\" href=\"https:\/\/unusualvoyages.com\/pt\/viagem\/turquemenistao-05-2026\/\"><h4>Expedi\u00e7\u00e3o ao Turquemenist\u00e3o e Mangystau<\/h4><\/a><div class=\"tour_excerpt\"><p>20 a 30 de maio de 2026, com David Dhaen<\/p><\/div><div class=\"tour_attribute_wrapper\"><div class=\"tour_attribute_days\">\n\t\t\t    \t\t\t    <span class=\"ti-time\"><\/span>11&nbsp;dias<\/div><\/div>\n        \t\t    <br class=\"clear\"\/>\n\t\t\t\t<\/div><\/div><\/div><div class=\"element grid classic3_cols animated2\"><div class=\"one_third gallery3 classic static filterable portfolio_type themeborder\"><a class=\"tour_image\" href=\"https:\/\/unusualvoyages.com\/pt\/viagem\/ilhadapascoa-05-2026\/\">\n\t\t\t\t\t<img decoding=\"async\" src=\"https:\/\/unusualvoyages.com\/wp-content\/uploads\/2025\/02\/20250625_RAPA-NUI_XPRO2457_WEB-700x466.jpg\" alt=\"Andes e Ilha da P\u00e1scoa\" \/><div class=\"tour_label\">ESGOTADA<\/div><div class=\"tour_price \">3.400\u20ac<\/div><\/a><div class=\"portfolio_info_wrapper\">\n        \t\t    <a class=\"tour_link\" href=\"https:\/\/unusualvoyages.com\/pt\/viagem\/ilhadapascoa-05-2026\/\"><h4>Andes e Ilha da P\u00e1scoa<\/h4><\/a><div class=\"tour_excerpt\"><p>31 maio a 20 junho 2026, com T\u00e2nia Neves<\/p><\/div><div class=\"tour_attribute_wrapper\"><\/div>\n        \t\t    <br class=\"clear\"\/>\n\t\t\t\t<\/div><\/div><\/div><div class=\"element grid classic3_cols animated3\"><div class=\"one_third gallery3 classic static filterable portfolio_type themeborder\"><a class=\"tour_image\" href=\"https:\/\/unusualvoyages.com\/pt\/viagem\/mongolia-09-2026\/\">\n\t\t\t\t\t<img decoding=\"async\" src=\"https:\/\/unusualvoyages.com\/wp-content\/uploads\/2026\/03\/Mongolia-2026-pt-700x466.jpg\" alt=\"Festival das \u00c1guias da Mong\u00f3lia\" \/><div class=\"tour_label\">4 vagas<\/div><div class=\"tour_price \">2.500\u20ac<\/div><\/a><div class=\"portfolio_info_wrapper\">\n        \t\t    <a class=\"tour_link\" href=\"https:\/\/unusualvoyages.com\/pt\/viagem\/mongolia-09-2026\/\"><h4>Festival das \u00c1guias da Mong\u00f3lia<\/h4><\/a><div class=\"tour_excerpt\"><p>10 a 26 setembro 2026, com T\u00e2nia Neves<\/p><\/div><div class=\"tour_attribute_wrapper\"><\/div>\n        \t\t    <br class=\"clear\"\/>\n\t\t\t\t<\/div><\/div><\/div><div class=\"element grid classic3_cols animated4\"><div class=\"one_third gallery3 classic static filterable portfolio_type themeborder\"><a class=\"tour_image\" href=\"https:\/\/unusualvoyages.com\/pt\/viagem\/romenia-10-2026\/\">\n\t\t\t\t\t<img decoding=\"async\" src=\"https:\/\/unusualvoyages.com\/wp-content\/uploads\/2026\/03\/ROMANIA-PT-700x466.jpg\" alt=\"Transilv\u00e2nia e Bucovina\" \/><div class=\"tour_price \">1.650\u20ac<\/div><\/a><div class=\"portfolio_info_wrapper\">\n        \t\t    <a class=\"tour_link\" href=\"https:\/\/unusualvoyages.com\/pt\/viagem\/romenia-10-2026\/\"><h4>Transilv\u00e2nia e Bucovina<\/h4><\/a><div class=\"tour_excerpt\"><p>4 a 11 de outubro de 2026, com T\u00e2nia Neves<\/p><\/div><div class=\"tour_attribute_wrapper\"><\/div>\n        \t\t    <br class=\"clear\"\/>\n\t\t\t\t<\/div><\/div><\/div><div class=\"element grid classic3_cols animated5\"><div class=\"one_third gallery3 classic static filterable portfolio_type themeborder\"><a class=\"tour_image\" href=\"https:\/\/unusualvoyages.com\/pt\/viagem\/moldavia-10-2026\/\">\n\t\t\t\t\t<img decoding=\"async\" src=\"https:\/\/unusualvoyages.com\/wp-content\/uploads\/2026\/03\/Last-Soviet-Republic-700x466.jpg\" alt=\"Transn\u00edstria e Gagauzia\" \/><div class=\"tour_label\">Confirmada<\/div><div class=\"tour_price \">1.250\u20ac<\/div><\/a><div class=\"portfolio_info_wrapper\">\n        \t\t    <a class=\"tour_link\" href=\"https:\/\/unusualvoyages.com\/pt\/viagem\/moldavia-10-2026\/\"><h4>Transn\u00edstria e Gagauzia<\/h4><\/a><div class=\"tour_excerpt\"><p>11 a 17 de outubro de 2026, com T\u00e2nia Neves<\/p><\/div><div class=\"tour_attribute_wrapper\"><\/div>\n        \t\t    <br class=\"clear\"\/>\n\t\t\t\t<\/div><\/div><\/div><div class=\"element grid classic3_cols animated6\"><div class=\"one_third gallery3 classic static filterable portfolio_type themeborder\"><a class=\"tour_image\" href=\"https:\/\/unusualvoyages.com\/pt\/viagem\/china-11-2026\/\">\n\t\t\t\t\t<img decoding=\"async\" src=\"https:\/\/unusualvoyages.com\/wp-content\/uploads\/2026\/03\/China-PT-700x466.jpg\" alt=\"Viagem Etnogr\u00e1fica \u00e0 China Antiga\" \/><div class=\"tour_label\">4 vagas<\/div><div class=\"tour_price \">3.200\u20ac<\/div><\/a><div class=\"portfolio_info_wrapper\">\n        \t\t    <a class=\"tour_link\" href=\"https:\/\/unusualvoyages.com\/pt\/viagem\/china-11-2026\/\"><h4>Viagem Etnogr\u00e1fica \u00e0 China Antiga<\/h4><\/a><div class=\"tour_excerpt\"><p>27 novembro a 13 dezembro 2026, com T\u00e2nia Neves e David Dhaen<\/p><\/div><div class=\"tour_attribute_wrapper\"><\/div>\n        \t\t    <br class=\"clear\"\/>\n\t\t\t\t<\/div><\/div><\/div><div class=\"element grid classic3_cols animated7\"><div class=\"one_third gallery3 classic static filterable portfolio_type themeborder\"><a class=\"tour_image\" href=\"https:\/\/unusualvoyages.com\/pt\/viagem\/caucaso-08-2027\/\">\n\t\t\t\t\t<img decoding=\"async\" src=\"https:\/\/unusualvoyages.com\/wp-content\/uploads\/2026\/03\/CAUCASO-2-700x466.jpg\" alt=\"Azerbaij\u00e3o, Ge\u00f3rgia e Arm\u00e9nia\" \/><div class=\"tour_price \">1.750\u20ac<\/div><\/a><div class=\"portfolio_info_wrapper\">\n        \t\t    <a class=\"tour_link\" href=\"https:\/\/unusualvoyages.com\/pt\/viagem\/caucaso-08-2027\/\"><h4>Azerbaij\u00e3o, Ge\u00f3rgia e Arm\u00e9nia<\/h4><\/a><div class=\"tour_excerpt\"><p>14 a 29 agosto 2027, com T\u00e2nia Neves<\/p><\/div><div class=\"tour_attribute_wrapper\"><\/div>\n        \t\t    <br class=\"clear\"\/>\n\t\t\t\t<\/div><\/div><\/div><div class=\"element grid classic3_cols animated8\"><div class=\"one_third gallery3 classic static filterable portfolio_type themeborder\"><a class=\"tour_image\" href=\"https:\/\/unusualvoyages.com\/pt\/viagem\/egito-12-2026\/\">\n\t\t\t\t\t<img decoding=\"async\" src=\"https:\/\/unusualvoyages.com\/wp-content\/uploads\/2026\/03\/EGYPT-PT-700x466.jpg\" alt=\"Para Al\u00e9m dos Fara\u00f3s\" \/><div class=\"tour_label\">Confirmada<\/div><div class=\"tour_price \">1.400\u20ac<\/div><\/a><div class=\"portfolio_info_wrapper\">\n        \t\t    <a class=\"tour_link\" href=\"https:\/\/unusualvoyages.com\/pt\/viagem\/egito-12-2026\/\"><h4>Para Al\u00e9m dos Fara\u00f3s<\/h4><\/a><div class=\"tour_excerpt\"><p>26 dez 2026 a 3 jan 2027, com T\u00e2nia Neves<\/p><\/div><div class=\"tour_attribute_wrapper\"><\/div>\n        \t\t    <br class=\"clear\"\/>\n\t\t\t\t<\/div><\/div><\/div><div class=\"element grid classic3_cols animated9\"><div class=\"one_third gallery3 classic static filterable portfolio_type themeborder\"><a class=\"tour_image\" href=\"https:\/\/unusualvoyages.com\/pt\/viagem\/morocco-02-2027\/\">\n\t\t\t\t\t<img decoding=\"async\" src=\"https:\/\/unusualvoyages.com\/wp-content\/uploads\/2026\/03\/Marrocos-Mgoun-1-700x466.jpg\" alt=\"Genuinamente Berbere\" \/><div class=\"tour_price \">1.150\u20ac<\/div><\/a><div class=\"portfolio_info_wrapper\">\n        \t\t    <a class=\"tour_link\" href=\"https:\/\/unusualvoyages.com\/pt\/viagem\/morocco-02-2027\/\"><h4>Genuinamente Berbere<\/h4><\/a><div class=\"tour_excerpt\"><p>4 a 13 de fevereiro de 2027, com T\u00e2nia Neves<\/p><\/div><div class=\"tour_attribute_wrapper\"><\/div>\n        \t\t    <br class=\"clear\"\/>\n\t\t\t\t<\/div><\/div><\/div><div class=\"element grid classic3_cols animated10\"><div class=\"one_third gallery3 classic static filterable portfolio_type themeborder\"><a class=\"tour_image\" href=\"https:\/\/unusualvoyages.com\/pt\/viagem\/ilhadapascoa-05-2027\/\">\n\t\t\t\t\t<img decoding=\"async\" src=\"https:\/\/unusualvoyages.com\/wp-content\/uploads\/2026\/03\/ILHA-DA-PASCOA-2-700x466.jpg\" alt=\"Andes e Ilha da P\u00e1scoa\" \/><div class=\"tour_price \">3.700\u20ac<\/div><\/a><div class=\"portfolio_info_wrapper\">\n        \t\t    <a class=\"tour_link\" href=\"https:\/\/unusualvoyages.com\/pt\/viagem\/ilhadapascoa-05-2027\/\"><h4>Andes e Ilha da P\u00e1scoa<\/h4><\/a><div class=\"tour_excerpt\"><p>22 de maio a 11 de junho de 2026, com T\u00e2nia Neves<\/p><\/div><div class=\"tour_attribute_wrapper\"><\/div>\n        \t\t    <br class=\"clear\"\/>\n\t\t\t\t<\/div><\/div><\/div><div class=\"element grid classic3_cols animated11\"><div class=\"one_third gallery3 classic static filterable portfolio_type themeborder\"><a class=\"tour_image\" href=\"https:\/\/unusualvoyages.com\/pt\/viagem\/mali-09-2027\/\">\n\t\t\t\t\t<img decoding=\"async\" src=\"https:\/\/unusualvoyages.com\/wp-content\/uploads\/2025\/02\/A7300248-700x466.jpg\" alt=\"Expedi\u00e7\u00e3o ao Mali\" \/><div class=\"tour_price \">2.495\u20ac<\/div><\/a><div class=\"portfolio_info_wrapper\">\n        \t\t    <a class=\"tour_link\" href=\"https:\/\/unusualvoyages.com\/pt\/viagem\/mali-09-2027\/\"><h4>Expedi\u00e7\u00e3o ao Mali<\/h4><\/a><div class=\"tour_excerpt\"><p>2 a 13 setembro 2027, com Joaquin Barata<\/p><\/div><div class=\"tour_attribute_wrapper\"><div class=\"tour_attribute_days\">\n\t\t\t    \t\t\t    <span class=\"ti-time\"><\/span>12&nbsp;dias<\/div><\/div>\n        \t\t    <br class=\"clear\"\/>\n\t\t\t\t<\/div><\/div><\/div><\/div><\/div><\/div><\/div><\/div>\n<br class=\"clear\"\/>\t\t\t\t<\/div>\n\t\t\t\t<\/div>\n\t\t\t\t\t<\/div>\n\t\t\t\t<\/div>\n\t\t\t\t<\/div>\n\t\t","protected":false},"excerpt":{"rendered":"<p>VIAGENS Sistema de Cavernas Tu Lan, Vietname Any MonthJanuaryFebruaryMarchAprilMayJuneJulyAugustSeptemberOctoberNovemberDecember Sort By DatePrice Low to HighPrice High to LowSort By NameSort By PopularitySort By Review Score All Categoriessouth americaafricaeuropeteamasiamulticountry Any DestinationsArmeniaAzerbaijanBoliviaCambodiaChileChinaEgyptGeorgiaLaosMongoliaMoroccoNorth KoreaPeruVietnam \u20ac Advanced Search 1 seat left1.590\u20ac Azerbaijan, Georgia and [&hellip;]<\/p>\n","protected":false},"author":1,"featured_media":0,"parent":0,"menu_order":27,"comment_status":"closed","ping_status":"closed","template":"","meta":{"footnotes":""},"class_list":["post-16164","page","type-page","status-publish","hentry"],"_links":{"self":[{"href":"https:\/\/unusualvoyages.com\/pt\/wp-json\/wp\/v2\/pages\/16164","targetHints":{"allow":["GET"]}}],"collection":[{"href":"https:\/\/unusualvoyages.com\/pt\/wp-json\/wp\/v2\/pages"}],"about":[{"href":"https:\/\/unusualvoyages.com\/pt\/wp-json\/wp\/v2\/types\/page"}],"author":[{"embeddable":true,"href":"https:\/\/unusualvoyages.com\/pt\/wp-json\/wp\/v2\/users\/1"}],"replies":[{"embeddable":true,"href":"https:\/\/unusualvoyages.com\/pt\/wp-json\/wp\/v2\/comments?post=16164"}],"version-history":[{"count":0,"href":"https:\/\/unusualvoyages.com\/pt\/wp-json\/wp\/v2\/pages\/16164\/revisions"}],"wp:attachment":[{"href":"https:\/\/unusualvoyages.com\/pt\/wp-json\/wp\/v2\/media?parent=16164"}],"curies":[{"name":"wp","href":"https:\/\/api.w.org\/{rel}","templated":true}]}}